{"id":1425,"date":"2025-11-18T03:02:23","date_gmt":"2025-11-18T03:02:23","guid":{"rendered":"https:\/\/cursosline.bchildrenslifet.com\/blog\/?page_id=1425"},"modified":"2025-11-25T04:37:09","modified_gmt":"2025-11-25T04:37:09","slug":"pamnav","status":"publish","type":"page","link":"https:\/\/cursosline.bchildrenslifet.com\/blog\/pamnav\/","title":{"rendered":"descubre tu potencial"},"content":{"rendered":"\t\t<div data-elementor-type=\"wp-page\" data-elementor-id=\"1425\" class=\"elementor elementor-1425\">\n\t\t\t\t<div class=\"elementor-element elementor-element-caefbd9 e-flex e-con-boxed e-con e-parent\" data-id=\"caefbd9\" data-element_type=\"container\" data-e-type=\"container\" data-settings=\"{&quot;background_background&quot;:&quot;classic&quot;}\">\n\t\t\t\t\t<div class=\"e-con-inner\">\n\t\t\t\t\t<\/div>\n\t\t\t\t<\/div>\n\t\t<div class=\"elementor-element elementor-element-e945f47 e-flex e-con-boxed e-con e-parent\" data-id=\"e945f47\" data-element_type=\"container\" data-e-type=\"container\">\n\t\t\t\t\t<div class=\"e-con-inner\">\n\t\t<div class=\"elementor-element elementor-element-22c8a72 e-con-full e-flex e-con e-child\" data-id=\"22c8a72\" data-element_type=\"container\" data-e-type=\"container\">\n\t\t\t\t<div class=\"elementor-element elementor-element-baf714e elementor-widget elementor-widget-heading\" data-id=\"baf714e\" data-element_type=\"widget\" data-e-type=\"widget\" data-widget_type=\"heading.default\">\n\t\t\t\t\t<h2 class=\"elementor-heading-title elementor-size-default\">Descubre tu potencial y transforma tus l\u00edmites en logros que impulsen \ntu crecimiento personal y profesional\n<\/h2>\t\t\t\t<\/div>\n\t\t\t\t<\/div>\n\t\t<div class=\"elementor-element elementor-element-408165b e-con-full e-flex e-con e-child\" data-id=\"408165b\" data-element_type=\"container\" data-e-type=\"container\">\n\t\t\t\t<div class=\"elementor-element elementor-element-959fc6d elementor-widget elementor-widget-text-editor\" data-id=\"959fc6d\" data-element_type=\"widget\" data-e-type=\"widget\" data-widget_type=\"text-editor.default\">\n\t\t\t\t\t\t\t\t\t<p><b>FORMACI\u00d3N<\/b><\/p><p>Licenciada en Dise\u00f1o en comunicaci\u00f3n audio visual(CHILE)<\/p><p><b>Titulo<\/b>: Psic\u00f3loga<\/p><p>Master en Psicolog\u00eda Cl\u00ednica con menci\u00f3n organizacional (CHILE)<\/p><p>Professional Life Coaching (USA)<\/p><p>Experta en Coaching PNL\u00a0 (Programaci\u00f3n Neuroling\u00fc\u00edstica)<\/p><p>Conferencista En Diversas Empresas Internacionales.<\/p><p><b>CAPACITACIONES MAS DESTACADAS<\/b><\/p><p><b>Octubre 2025: <\/b>Relaciones Interpersonales, Universidad de California Irvine (UCI).<\/p><p><b>Octubre 2023 a Julio 2025<\/b>: Mentor\u00eda De Habilidades. De Oratoria. para programa consular de mexicana en el exterior, mexicana emprende sistema hibrido, SANTA ANA , CALIFORNIA E INTERNACIONAL (Europa, Am\u00e9rica, \u00c1frica y Asia).<\/p><p><b>Julio 2025: <\/b>Equilibrio, Familia y Empresa<b>. <\/b>Empresa VIVALDI, M\u00e9xico<b>.<\/b><\/p><p><b>Abril 2024: <\/b>Estrategias Para Resolver Conflictos Laborales UCI, California (USA)<\/p><p><b>Octubre 2023 <\/b>Lenguaje de amor de los ni\u00f1os y sus expresiones Santa Ana, California (USA)<\/p><p><b>Junio 2019 <\/b>Taller Te\u00f3rico Pr\u00e1ctico Construyendo Limites Saludables para Mejorar tu Emprendimiento. Irvine, California (USA)<\/p><p><b>08 de Noviembre 2010 a 15 de Enero 2011<\/b>: Levantamiento de perfil en Aconcagua Limitada. Conc\u00f3n.<\/p><p><b>01 de Octubre a 15 de Diciembre 2010<\/b>: Diagn\u00f3stico e intervenci\u00f3n de Clima Organizacional (departamento de farmacia, laboratorio y finanzas)l. En Servicio Salud Valpara\u00edso-San Antonio Hospital Dr. Eduardo Pereira.<\/p><p><b>\u00a008 de Octubre al 8 de noviembre 2010<\/b>: Selecci\u00f3n personal (cajero, perecibles y pickeadores) Jumbo, Vi\u00f1a del Mar.<\/p><p><b>18 de Agosto a Noviembre 2010<\/b>: Diagn\u00f3stico e intervenci\u00f3n de Clima Organizacional en Instituto Superior de Comercio Alberto Blest Gana, Vi\u00f1a del Mar.<\/p><p><b>28 de Julio a 8 de Septiembre 2010<\/b>: Relator de los Taller de Trabajo en Equipo y\u00a0 comunicaci\u00f3n.\u00a0 En Servicio Salud Valpara\u00edso-San Antonio Hospital Dr. Eduardo Pereira.<\/p><p><b>10 de Abril de 2009 al 22 de Enero 2010<\/b>: Realiza\u00a0 pasant\u00eda en Psicodiagn\u00f3stico y Terapia en el \u00e1rea Infanto-juvenil. Centro de Atenci\u00f3n y Estudios Cl\u00ednicos Universidad Andr\u00e9s Bello.<\/p><p><b>Abril a Julio 2009<\/b>: Diagn\u00f3stico de Clima Organizacional (departamentos de medicina, enfermer\u00eda, administraci\u00f3n). Servicio Salud Valpara\u00edso-San Antonio Hospital Dr. Eduardo Pereira<\/p><p><b>2004 <\/b>\u00a0Profesora a cargo de un curso de capacitaci\u00f3n de programas computacionales de dibujos animados, CTP y Flash 5, para los integrantes del sindicato ANICOM.<\/p>\t\t\t\t\t\t\t\t<\/div>\n\t\t\t\t<\/div>\n\t\t\t\t\t<\/div>\n\t\t\t\t<\/div>\n\t\t\t\t<\/div>\n\t\t","protected":false},"excerpt":{"rendered":"<p>Descubre tu potencial y transforma tus l\u00edmites en logros que impulsen tu crecimiento personal y profesional FORMACI\u00d3N Licenciada en Dise\u00f1o en comunicaci\u00f3n audio visual(CHILE) Titulo: Psic\u00f3loga Master en Psicolog\u00eda Cl\u00ednica con menci\u00f3n organizacional (CHILE) Professional Life Coaching (USA) Experta en Coaching PNL\u00a0 (Programaci\u00f3n Neuroling\u00fc\u00edstica) Conferencista En Diversas Empresas Internacionales. CAPACITACIONES MAS DESTACADAS Octubre 2025: Relaciones [&hellip;]<\/p>\n","protected":false},"author":1,"featured_media":0,"parent":0,"menu_order":0,"comment_status":"closed","ping_status":"closed","template":"","meta":{"site-sidebar-layout":"no-sidebar","site-content-layout":"page-builder","ast-site-content-layout":"full-width-container","site-content-style":"unboxed","site-sidebar-style":"unboxed","ast-global-header-display":"","ast-banner-title-visibility":"","ast-main-header-display":"","ast-hfb-above-header-display":"","ast-hfb-below-header-display":"","ast-hfb-mobile-header-display":"","site-post-title":"disabled","ast-breadcrumbs-content":"disabled","ast-featured-img":"disabled","footer-sml-layout":"","ast-disable-related-posts":"","theme-transparent-header-meta":"enabled","adv-header-id-meta":"","stick-header-meta":"","header-above-stick-meta":"","header-main-stick-meta":"","header-below-stick-meta":"","astra-migrate-meta-layouts":"set","ast-page-background-enabled":"default","ast-page-background-meta":{"desktop":{"background-color":"","background-image":"","background-repeat":"repeat","background-position":"center center","background-size":"auto","background-attachment":"scroll","background-type":"","background-media":"","overlay-type":"","overlay-color":"","overlay-opacity":"","overlay-gradient":""},"tablet":{"background-color":"","background-image":"","background-repeat":"repeat","background-position":"center center","background-size":"auto","background-attachment":"scroll","background-type":"","background-media":"","overlay-type":"","overlay-color":"","overlay-opacity":"","overlay-gradient":""},"mobile":{"background-color":"","background-image":"","background-repeat":"repeat","background-position":"center center","background-size":"auto","background-attachment":"scroll","background-type":"","background-media":"","overlay-type":"","overlay-color":"","overlay-opacity":"","overlay-gradient":""}},"ast-content-background-meta":{"desktop":{"background-color":"var(--ast-global-color-5)","background-image":"","background-repeat":"repeat","background-position":"center center","background-size":"auto","background-attachment":"scroll","background-type":"","background-media":"","overlay-type":"","overlay-color":"","overlay-opacity":"","overlay-gradient":""},"tablet":{"background-color":"var(--ast-global-color-5)","background-image":"","background-repeat":"repeat","background-position":"center center","background-size":"auto","background-attachment":"scroll","background-type":"","background-media":"","overlay-type":"","overlay-color":"","overlay-opacity":"","overlay-gradient":""},"mobile":{"background-color":"var(--ast-global-color-5)","background-image":"","background-repeat":"repeat","background-position":"center center","background-size":"auto","background-attachment":"scroll","background-type":"","background-media":"","overlay-type":"","overlay-color":"","overlay-opacity":"","overlay-gradient":""}},"footnotes":""},"class_list":["post-1425","page","type-page","status-publish","hentry"],"_links":{"self":[{"href":"https:\/\/cursosline.bchildrenslifet.com\/blog\/wp-json\/wp\/v2\/pages\/1425","targetHints":{"allow":["GET"]}}],"collection":[{"href":"https:\/\/cursosline.bchildrenslifet.com\/blog\/wp-json\/wp\/v2\/pages"}],"about":[{"href":"https:\/\/cursosline.bchildrenslifet.com\/blog\/wp-json\/wp\/v2\/types\/page"}],"author":[{"embeddable":true,"href":"https:\/\/cursosline.bchildrenslifet.com\/blog\/wp-json\/wp\/v2\/users\/1"}],"replies":[{"embeddable":true,"href":"https:\/\/cursosline.bchildrenslifet.com\/blog\/wp-json\/wp\/v2\/comments?post=1425"}],"version-history":[{"count":35,"href":"https:\/\/cursosline.bchildrenslifet.com\/blog\/wp-json\/wp\/v2\/pages\/1425\/revisions"}],"predecessor-version":[{"id":1599,"href":"https:\/\/cursosline.bchildrenslifet.com\/blog\/wp-json\/wp\/v2\/pages\/1425\/revisions\/1599"}],"wp:attachment":[{"href":"https:\/\/cursosline.bchildrenslifet.com\/blog\/wp-json\/wp\/v2\/media?parent=1425"}],"curies":[{"name":"wp","href":"https:\/\/api.w.org\/{rel}","templated":true}]}}