{"id":1453,"date":"2025-11-23T22:15:27","date_gmt":"2025-11-23T22:15:27","guid":{"rendered":"https:\/\/cursosline.bchildrenslifet.com\/blog\/?page_id=1453"},"modified":"2025-11-27T05:11:37","modified_gmt":"2025-11-27T05:11:37","slug":"laurav","status":"publish","type":"page","link":"https:\/\/cursosline.bchildrenslifet.com\/blog\/laurav\/","title":{"rendered":"Laura Villegas"},"content":{"rendered":"\t\t<div data-elementor-type=\"wp-page\" data-elementor-id=\"1453\" class=\"elementor elementor-1453\">\n\t\t\t\t<div class=\"elementor-element elementor-element-caefbd9 e-flex e-con-boxed e-con e-parent\" data-id=\"caefbd9\" data-element_type=\"container\" data-e-type=\"container\" data-settings=\"{&quot;background_background&quot;:&quot;classic&quot;}\">\n\t\t\t\t\t<div class=\"e-con-inner\">\n\t\t\t\t\t<\/div>\n\t\t\t\t<\/div>\n\t\t<div class=\"elementor-element elementor-element-e945f47 e-flex e-con-boxed e-con e-parent\" data-id=\"e945f47\" data-element_type=\"container\" data-e-type=\"container\">\n\t\t\t\t\t<div class=\"e-con-inner\">\n\t\t<div class=\"elementor-element elementor-element-22c8a72 e-con-full e-flex e-con e-child\" data-id=\"22c8a72\" data-element_type=\"container\" data-e-type=\"container\">\n\t\t\t\t<div class=\"elementor-element elementor-element-baf714e elementor-widget elementor-widget-heading\" data-id=\"baf714e\" data-element_type=\"widget\" data-e-type=\"widget\" data-widget_type=\"heading.default\">\n\t\t\t\t\t<h2 class=\"elementor-heading-title elementor-size-default\">El mundo del ni\u00f1o no debe parar<\/h2>\t\t\t\t<\/div>\n\t\t\t\t<\/div>\n\t\t<div class=\"elementor-element elementor-element-408165b e-con-full e-flex e-con e-child\" data-id=\"408165b\" data-element_type=\"container\" data-e-type=\"container\">\n\t\t\t\t<div class=\"elementor-element elementor-element-959fc6d elementor-widget elementor-widget-text-editor\" data-id=\"959fc6d\" data-element_type=\"widget\" data-e-type=\"widget\" data-widget_type=\"text-editor.default\">\n\t\t\t\t\t\t\t\t\t<p><b>FORMACI\u00d3N<\/b><\/p><p>Consultoria &amp; Entrenadora\u00a0 De Familia y Empresas<\/p><p><b>Titulo<\/b>: Licenciada en Foster Care Services (USA)<\/p><p>Certificada De Competencia Laboral En El Est\u00e1ndar De Competencia (USA &amp; MEXICO)<\/p><p>Professional Life Coaching (USA &amp; MEXICO)<\/p><p>(USA &amp; MEXICO)<\/p><p>Conferencista En Diversas Empresas Internacionales.<\/p><p><b>CAPACITACIONES MAS DESTACADAS<\/b><\/p><p><b>Octubre 2025: <\/b>Relaciones Interpersonales, Universidad de California Irvine (UCI).<\/p><p><b>Octubre 2023 a Julio 2025<\/b>: Coordinadora de Relaciones Corporativas: Apoyo, Presentaci\u00f3n y Participaci\u00f3n en las Mentor\u00edas de Empresas Aliadas GRUPO NAVAS, LEGACY, BANCO EAGLE Community Credit Union, JP Morgan CHASE, VIVALDI, VFA Enterprises LLC, CREATIVE QUEENS AGENCY, AVER Coaching entre otros. (PCEME) SANTA ANA , CALIFORNIA E INTERNACIONAL (Europa, Am\u00e9rica, \u00c1frica y Asia)<\/p><p><b>Julio 2025: <\/b>Equilibrio, Familia y Empresa<b>. <\/b>Empresa VIVALDI, M\u00e9xico<b>.<\/b><\/p><p><b>Abril 2024: <\/b>Estrategias Para Resolver Conflictos Laborales UCI, California (USA)<\/p><p><b>Octubre 2023: <\/b>Lenguaje de amor de los ni\u00f1os y sus expresiones Santa Ana, California (USA)<\/p><p><b>Enero<\/b><b> 2023: <\/b>IEP WORKSHOP, (Autismo, d\u00e9ficit de atenci\u00f3n, problemas de aprendizaje, deterioro del habla trastorno emocional, impedimento ortop\u00e9dico, o alg\u00fan tipo de discapacidad)<\/p><p><b>Septiembre<\/b><b> 2022: <\/b>Entendiendo El Sistema. De Dependencia En El Tribunal De Menores y La Corte, Foster &amp; kinship care education Program, Saddleback College.<\/p><p><b>Noviembre<\/b><b> 2021: <\/b>Afrontar el Estres, Foster &amp; kinship care education Program, Saddleback College.<\/p><p><b>Septiembre<\/b><b> 2021: <\/b>Din\u00e1mica entre hermanos, Foster &amp; kinship care education Program, Saddleback College.<\/p><p><b>Mayo 2021: <\/b>Como criar un adolescente, Foster &amp; kinship care education Program, Saddleback College.<\/p><p><b>Abril 2021: <\/b>Como Trabajar En Equipo Para Criar A Nuestros Ni\u00f1os, Foster &amp; kinship care education Program, Saddleback College.<\/p><p><b>Marzo 2021: <\/b>Sobrellevar El Estr\u00e9s, Foster &amp; kinship care education Program, Saddleback College.<\/p><p><b>Febrero<\/b><b> 2021: <\/b>Visitas saludables, Foster &amp; kinship care education Program, Saddleback College.<\/p><p><b>Enero<\/b><b> 2021: <\/b>Apoyando La Identidad Cultural. , Foster &amp; kinship care education Program, Saddleback College.<\/p>\t\t\t\t\t\t\t\t<\/div>\n\t\t\t\t<\/div>\n\t\t\t\t\t<\/div>\n\t\t\t\t<\/div>\n\t\t<div class=\"elementor-element elementor-element-b9f8a04 e-flex e-con-boxed e-con e-parent\" data-id=\"b9f8a04\" data-element_type=\"container\" data-e-type=\"container\">\n\t\t\t\t\t<div class=\"e-con-inner\">\n\t\t\t\t<div class=\"elementor-element elementor-element-e7f42fd elementor-widget elementor-widget-image\" data-id=\"e7f42fd\" data-element_type=\"widget\" data-e-type=\"widget\" data-widget_type=\"image.default\">\n\t\t\t\t\t\t\t\t\t\t\t\t\t\t\t<img fetchpriority=\"high\" decoding=\"async\" width=\"723\" height=\"491\" src=\"https:\/\/cursosline.bchildrenslifet.com\/blog\/wp-content\/uploads\/2025\/11\/Laura2.jpg\" class=\"attachment-2048x2048 size-2048x2048 wp-image-1439\" alt=\"laura2\" srcset=\"https:\/\/cursosline.bchildrenslifet.com\/blog\/wp-content\/uploads\/2025\/11\/Laura2.jpg 723w, https:\/\/cursosline.bchildrenslifet.com\/blog\/wp-content\/uploads\/2025\/11\/Laura2-300x204.jpg 300w\" sizes=\"(max-width: 723px) 100vw, 723px\" title=\"Laura Villegas\">\t\t\t\t\t\t\t\t\t\t\t\t\t\t\t<\/div>\n\t\t\t\t\t<\/div>\n\t\t\t\t<\/div>\n\t\t<div class=\"elementor-element elementor-element-2f9234b e-flex e-con-boxed e-con e-parent\" data-id=\"2f9234b\" data-element_type=\"container\" data-e-type=\"container\">\n\t\t\t\t\t<div class=\"e-con-inner\">\n\t\t<div class=\"elementor-element elementor-element-df18ce6 e-con-full e-flex e-con e-child\" data-id=\"df18ce6\" data-element_type=\"container\" data-e-type=\"container\" data-settings=\"{&quot;background_background&quot;:&quot;classic&quot;}\">\n\t\t\t\t<div class=\"elementor-element elementor-element-ea9baec elementor-widget elementor-widget-text-editor\" data-id=\"ea9baec\" data-element_type=\"widget\" data-e-type=\"widget\" data-widget_type=\"text-editor.default\">\n\t\t\t\t\t\t\t\t\t<table width=\"621\"><tbody><tr><td colspan=\"2\" width=\"621\"><p style=\"text-align: center;\"><b>2014 CERTIFY<\/b><\/p><\/td><\/tr><tr><td width=\"243\"><p><b>El Programa para el Cuidado de Beb\u00e9s\/Ni\u00f1os Peque\u00f1os\u00a0 Socios por la Calidad:<\/b><\/p><\/td><td width=\"378\"><p>Proceso de Planificaci\u00f3n del Curr\u00edculo Reflexivo para\u00a0 Beb\u00e9s\/Ni\u00f1os Peque\u00f1os. Entre el 16\/04\/2014 y el 29\/10\/2014.<\/p><\/td><\/tr><tr><td colspan=\"2\" width=\"621\"><p style=\"text-align: center;\"><b>2015 CERTIFY<\/b><\/p><\/td><\/tr><tr><td width=\"243\"><p><b>California Association for Bilingual Education and Anaheim City School District:<\/b><\/p><p><b>\u00a0<\/b><\/p><\/td><td width=\"378\"><p>Entrenamiento Y Desarrollo De Capacitaci\u00f3n\u00a0 Y Liderazgo Para Padres Y De Familia Del Programa Project 2-INSPIRE-Nivel\u00a0 2.<\/p><\/td><\/tr><tr><td width=\"243\"><p><b>Anaheim City School District, district advisory committee: <\/b><\/p><\/td><td width=\"378\"><p>School Representative for outstanding contribution and participation in the DAC DELAC committee throughout the 2014-15 school year.<\/p><\/td><\/tr><tr><td width=\"243\"><p><b>Children\u2019s Home Society of California Certificate of Professional Development:<\/b><\/p><\/td><td width=\"378\"><p>Science, Technology, Engineering and Mathematics (STEM) learning in the early\u00a0 years, successfully professional development training at a\u00a0 conference presented by the Children\u2019s Home Society of California Resource and\u00a0 Referral Program.<\/p><\/td><\/tr><tr><td colspan=\"2\" width=\"621\"><p style=\"text-align: center;\"><b>2016 CERTIFY<\/b><\/p><\/td><\/tr><tr><td width=\"243\"><p><b>Carta de recomendaci\u00f3n de uno de los padres de los ni\u00f1os cuidados en este\u00a0 programa de madres de crianza:<\/b><\/p><p><b>\u00a0<\/b><\/p><\/td><td width=\"378\"><p>Destacando su labor y entrega afectuosa en la\u00a0 crianza de su hijo.<\/p><\/td><\/tr><tr><td width=\"243\"><p><b>Anaheim Elementary School District award with this Certificate of appreciation:<\/b><\/p><\/td><td width=\"378\"><p>Outstanding participation as a parent advisory board\u00a0 member for early childhood education during the 2015-2016 school year.<\/p><\/td><\/tr><tr><td colspan=\"2\" width=\"621\"><p style=\"text-align: center;\"><b>2017 CERTIFY<\/b><\/p><\/td><\/tr><tr><td width=\"243\"><p><b>County of Orange, Social Service Agency, Children and family Service Division\u00a0 Approval<\/b>:<\/p><\/td><td width=\"378\"><p>To provide a Resource Family Home.<\/p><\/td><\/tr><tr><td width=\"243\"><p><b>State of California, Department of Social Service License:<\/b><\/p><\/td><td width=\"378\"><p>To operate and\u00a0 maintain a Family Day Care<\/p><\/td><\/tr><tr><td colspan=\"2\" width=\"621\"><p style=\"text-align: center;\"><b>2018 CERTIFY<\/b><\/p><\/td><\/tr><tr><td width=\"243\"><p><b>Auhsd, Anaheim union high school district:<\/b><\/p><\/td><td width=\"378\"><p>Anaheim\u00a0 union high school district\u2019s parent leadership academy 1.0.<\/p><\/td><\/tr><tr><td width=\"243\"><p><b>California Community College Foster &amp; Kinship Care Education Program SaddleBack College<\/b>:<\/p><\/td><td width=\"378\"><p>\u201cPRUDENT PARENTING\u201d<\/p><p>\u201cEl Uso(consumo) De Marihuana En\u00a0 Los Adolescentes\u201d<\/p><p>\u201cCuando Tomar Un Respiro\u201d<\/p><\/td><\/tr><tr><td width=\"243\"><p><b>Parenting Partners TM:<\/b><\/p><\/td><td width=\"378\"><p>Parenting partners practical tools for positive parenting class.<\/p><\/td><\/tr><tr><td colspan=\"2\" width=\"621\"><p style=\"text-align: center;\"><b>2019 CERTIFY<\/b><\/p><\/td><\/tr><tr><td width=\"243\"><p><b>Parenting the love and logic Way: <\/b><\/p><\/td><td width=\"378\"><p>Parent Training Course.<\/p><\/td><\/tr><tr><td colspan=\"2\" width=\"621\"><p style=\"text-align: center;\"><b>2020 CERTIFY<\/b><\/p><\/td><\/tr><tr><td width=\"243\"><p><b>California Community College Chancellor\u2019s Office Foster and Kinship Care\u00a0 Education Program SaddleBack College:<\/b><\/p><\/td><td width=\"378\"><p>Responsable de entrenamiento\u00a0 para padres de crianza en actividades en l\u00ednea y con servicios sociales, dirigido a\u00a0 postulantes a ser padres de recursos.<\/p><\/td><\/tr><tr><td colspan=\"2\" width=\"621\"><p style=\"text-align: center;\"><b>2021 CERTIFY<\/b><\/p><\/td><\/tr><tr><td width=\"243\"><p><b>Commission on Teacher Credentialing of State of California Acknowledge:<\/b><\/p><\/td><td width=\"378\"><p>Child Development Associate Teacher Permit.<\/p><\/td><\/tr><tr><td width=\"243\"><p><b>Asociaci\u00f3n de emprendedor@ Empoderamiento liderazgo y negocios:<\/b><\/p><\/td><td width=\"378\"><p>Programa\u00a0 emprendedoras b\u00e1sico que incluye conocimiento de empoderamiento, liderazgo y negocio, as\u00ed como las leyes de estudio del material contenido en los libros del autor John Maxwell: las 15 leyes invalorables del crecimiento y las 21 leyes\u00a0 irrefutables del liderazgo.<\/p><p>Membres\u00eda acreditada durante el\u00a0 per\u00edodo de mayo- agosto del 2021.<\/p><\/td><\/tr><tr><td width=\"243\"><p><b>Anaheim, Mayor Harry S. Sidhu, P.E. <\/b><\/p><p><b>\u00a0<\/b><\/p><\/td><td width=\"378\"><p>Programa\u00a0 emprendedoras de 8 semanas en Anaheim y Felicitaci\u00f3n porque contin\u00faa con un\u00a0 esp\u00edritu emprendedor tras su sue\u00f1o americano. Felicitaciones y mejores deseos de\u00a0 \u00e9xito continuo.<\/p><\/td><\/tr><tr><td colspan=\"2\" width=\"621\"><p style=\"text-align: center;\"><b>2023 CERTIFY<\/b><\/p><\/td><\/tr><tr><td width=\"243\"><p><b>El consulado de M\u00e9xico en Santa Ana otorga<\/b>:<\/p><\/td><td width=\"378\"><p>Reconocimiento a la valiosa\u00a0 contribuci\u00f3n en el marco de la 3era edici\u00f3n del programa consular de emprendimiento para Mexicanas en el exterior (PCEME) 2023.<\/p><\/td><\/tr><tr><td width=\"243\"><p><b>Orange county, California otorga:<\/b><\/p><\/td><td width=\"378\"><p>Recognition of our outstanding women Leaders in the 46th District. 2023<\/p><\/td><\/tr><tr><td width=\"243\"><p><b>El Instituto de los Mexicanos en el Exterior y el Consulado de M\u00e9xico en Santa\u00a0 Ana: <\/b><\/p><\/td><td width=\"378\"><p>Reconocimiento por su destacada participaci\u00f3n en la 3era edici\u00f3n del\u00a0 programa consular de emprendimiento para Mexicanas en el exterior (PCEME).<\/p><\/td><\/tr><tr><td width=\"243\"><p><b>Dream Builder:<\/b><\/p><\/td><td width=\"378\"><p>Programa Dream Builder, el creador de negocios para la mujer.<\/p><\/td><\/tr><tr><td width=\"243\"><p><b>California Community College Chancellor\u2019s Office Foster and Kinship Care\u00a0 Education Program SaddleBack College:<\/b><\/p><\/td><td width=\"378\"><p>Youth &amp; Dangerous Drug Trends.<\/p><\/td><\/tr><tr><td width=\"243\"><p><b>Departamento de Salud Mental del Condado de Los \u00c1ngeles Programa Unido de Promotores y Promotores de Salud Mental:<\/b><\/p><\/td><td width=\"378\"><p>Participaci\u00f3n en 10 talleres de concientizaci\u00f3n sobre la salud mental para disminuir el estigma de la salud mental y aumentar el\u00a0 acceso a la atenci\u00f3n.<\/p><\/td><\/tr><tr><td width=\"243\"><p><b>J. Luis\u00a0\u00a0 Correa, Congresista Distrito 46 del Congreso de California:<\/b><\/p><\/td><td width=\"378\"><p>Reconocimiento al servicio altruista a las personas mas vulnerables y por sus invaluables contribuciones a la comunidad.<\/p><\/td><\/tr><tr><td colspan=\"2\" width=\"621\"><p style=\"text-align: center;\"><strong>2024 CERTIFY<\/strong><\/p><\/td><\/tr><tr><td width=\"243\"><p><b>Waymakers Sexual Assault Victim Services (SAVS) Prevention:<\/b><\/p><\/td><td width=\"378\"><p>Sexual Assault.<\/p><\/td><\/tr><\/tbody><\/table>\t\t\t\t\t\t\t\t<\/div>\n\t\t\t\t<\/div>\n\t\t\t\t\t<\/div>\n\t\t\t\t<\/div>\n\t\t\t\t<\/div>\n\t\t","protected":false},"excerpt":{"rendered":"<p>El mundo del ni\u00f1o no debe parar FORMACI\u00d3N Consultoria &amp; Entrenadora\u00a0 De Familia y Empresas Titulo: Licenciada en Foster Care Services (USA) Certificada De Competencia Laboral En El Est\u00e1ndar De Competencia (USA &amp; MEXICO) Professional Life Coaching (USA &amp; MEXICO) (USA &amp; MEXICO) Conferencista En Diversas Empresas Internacionales. CAPACITACIONES MAS DESTACADAS Octubre 2025: Relaciones Interpersonales, [&hellip;]<\/p>\n","protected":false},"author":1,"featured_media":0,"parent":0,"menu_order":0,"comment_status":"closed","ping_status":"closed","template":"","meta":{"site-sidebar-layout":"no-sidebar","site-content-layout":"page-builder","ast-site-content-layout":"full-width-container","site-content-style":"unboxed","site-sidebar-style":"unboxed","ast-global-header-display":"","ast-banner-title-visibility":"","ast-main-header-display":"","ast-hfb-above-header-display":"","ast-hfb-below-header-display":"","ast-hfb-mobile-header-display":"","site-post-title":"disabled","ast-breadcrumbs-content":"disabled","ast-featured-img":"disabled","footer-sml-layout":"","ast-disable-related-posts":"","theme-transparent-header-meta":"enabled","adv-header-id-meta":"","stick-header-meta":"","header-above-stick-meta":"","header-main-stick-meta":"","header-below-stick-meta":"","astra-migrate-meta-layouts":"set","ast-page-background-enabled":"default","ast-page-background-meta":{"desktop":{"background-color":"","background-image":"","background-repeat":"repeat","background-position":"center center","background-size":"auto","background-attachment":"scroll","background-type":"","background-media":"","overlay-type":"","overlay-color":"","overlay-opacity":"","overlay-gradient":""},"tablet":{"background-color":"","background-image":"","background-repeat":"repeat","background-position":"center center","background-size":"auto","background-attachment":"scroll","background-type":"","background-media":"","overlay-type":"","overlay-color":"","overlay-opacity":"","overlay-gradient":""},"mobile":{"background-color":"","background-image":"","background-repeat":"repeat","background-position":"center center","background-size":"auto","background-attachment":"scroll","background-type":"","background-media":"","overlay-type":"","overlay-color":"","overlay-opacity":"","overlay-gradient":""}},"ast-content-background-meta":{"desktop":{"background-color":"var(--ast-global-color-5)","background-image":"","background-repeat":"repeat","background-position":"center center","background-size":"auto","background-attachment":"scroll","background-type":"","background-media":"","overlay-type":"","overlay-color":"","overlay-opacity":"","overlay-gradient":""},"tablet":{"background-color":"var(--ast-global-color-5)","background-image":"","background-repeat":"repeat","background-position":"center center","background-size":"auto","background-attachment":"scroll","background-type":"","background-media":"","overlay-type":"","overlay-color":"","overlay-opacity":"","overlay-gradient":""},"mobile":{"background-color":"var(--ast-global-color-5)","background-image":"","background-repeat":"repeat","background-position":"center center","background-size":"auto","background-attachment":"scroll","background-type":"","background-media":"","overlay-type":"","overlay-color":"","overlay-opacity":"","overlay-gradient":""}},"footnotes":""},"class_list":["post-1453","page","type-page","status-publish","hentry"],"_links":{"self":[{"href":"https:\/\/cursosline.bchildrenslifet.com\/blog\/wp-json\/wp\/v2\/pages\/1453","targetHints":{"allow":["GET"]}}],"collection":[{"href":"https:\/\/cursosline.bchildrenslifet.com\/blog\/wp-json\/wp\/v2\/pages"}],"about":[{"href":"https:\/\/cursosline.bchildrenslifet.com\/blog\/wp-json\/wp\/v2\/types\/page"}],"author":[{"embeddable":true,"href":"https:\/\/cursosline.bchildrenslifet.com\/blog\/wp-json\/wp\/v2\/users\/1"}],"replies":[{"embeddable":true,"href":"https:\/\/cursosline.bchildrenslifet.com\/blog\/wp-json\/wp\/v2\/comments?post=1453"}],"version-history":[{"count":9,"href":"https:\/\/cursosline.bchildrenslifet.com\/blog\/wp-json\/wp\/v2\/pages\/1453\/revisions"}],"predecessor-version":[{"id":1695,"href":"https:\/\/cursosline.bchildrenslifet.com\/blog\/wp-json\/wp\/v2\/pages\/1453\/revisions\/1695"}],"wp:attachment":[{"href":"https:\/\/cursosline.bchildrenslifet.com\/blog\/wp-json\/wp\/v2\/media?parent=1453"}],"curies":[{"name":"wp","href":"https:\/\/api.w.org\/{rel}","templated":true}]}}