{"id":851,"date":"2025-11-07T15:27:08","date_gmt":"2025-11-07T15:27:08","guid":{"rendered":"https:\/\/cursosline.bchildrenslifet.com\/blog\/about-us\/"},"modified":"2025-11-28T15:33:05","modified_gmt":"2025-11-28T15:33:05","slug":"historia","status":"publish","type":"page","link":"https:\/\/cursosline.bchildrenslifet.com\/blog\/historia\/","title":{"rendered":"La historia"},"content":{"rendered":"\t\t<div data-elementor-type=\"wp-page\" data-elementor-id=\"851\" class=\"elementor elementor-851\">\n\t\t\t\t<div class=\"elementor-element elementor-element-caefbd9 e-flex e-con-boxed e-con e-parent\" data-id=\"caefbd9\" data-element_type=\"container\" data-e-type=\"container\" data-settings=\"{&quot;background_background&quot;:&quot;classic&quot;}\">\n\t\t\t\t\t<div class=\"e-con-inner\">\n\t\t<div class=\"elementor-element elementor-element-47b8fd8 e-con-full e-flex e-con e-child\" data-id=\"47b8fd8\" data-element_type=\"container\" data-e-type=\"container\">\n\t\t\t\t<div class=\"elementor-element elementor-element-670a74d elementor-widget elementor-widget-heading\" data-id=\"670a74d\" data-element_type=\"widget\" data-e-type=\"widget\" data-widget_type=\"heading.default\">\n\t\t\t\t\t<h1 class=\"elementor-heading-title elementor-size-default\">La Historia<\/h1>\t\t\t\t<\/div>\n\t\t\t\t<\/div>\n\t\t\t\t\t<\/div>\n\t\t\t\t<\/div>\n\t\t<div class=\"elementor-element elementor-element-e945f47 e-flex e-con-boxed e-con e-parent\" data-id=\"e945f47\" data-element_type=\"container\" data-e-type=\"container\">\n\t\t\t\t\t<div class=\"e-con-inner\">\n\t\t<div class=\"elementor-element elementor-element-22c8a72 e-con-full e-flex e-con e-child\" data-id=\"22c8a72\" data-element_type=\"container\" data-e-type=\"container\">\n\t\t\t\t<\/div>\n\t\t<div class=\"elementor-element elementor-element-408165b e-con-full e-flex e-con e-child\" data-id=\"408165b\" data-element_type=\"container\" data-e-type=\"container\">\n\t\t\t\t<div class=\"elementor-element elementor-element-959fc6d elementor-widget elementor-widget-text-editor\" data-id=\"959fc6d\" data-element_type=\"widget\" data-e-type=\"widget\" data-widget_type=\"text-editor.default\">\n\t\t\t\t\t\t\t\t\t<p>Desde sus inicios, BCLT se ha distinguido por sus valores de honestidad, lealtad y confidencialidad. En 2007, su fundadora fue certificada y licenciada por el Estado de California como Foster Care y proveedora de cuidado infantil. A lo largo de su experiencia como madre de crianza, comprendi\u00f3 de primera mano lo crucial que resulta educar, capacitar y brindar apoyo a los padres de crianza para crear hogares protectores, amorosos y con un alto potencial para lograr la reunificaci\u00f3n familiar.<\/p><p>Ese reconocimiento marc\u00f3 el punto de partida para la creaci\u00f3n de BCLT, una empresa dedicada a ofrecer capacitaci\u00f3n y asesor\u00eda profesional a padres de crianza, con el compromiso de asegurar el desarrollo de n\u00facleos familiares s\u00f3lidos y exitosos.<\/p><p>Lo que diferencia a BCLT es su experiencia integral en ventas, gesti\u00f3n de personal y atenci\u00f3n al cliente, lo que le permite brindar consultor\u00edas personalizadas y establecer alianzas estrat\u00e9gicas con organizaciones y profesionales de diversas disciplinas. Este enfoque le ha permitido ofrecer un apoyo transformador que empodera tanto a las familias como a los integrantes de empresas y emprendimientos.<\/p><p>En esta visi\u00f3n, BCLT se une estrat\u00e9gicamente a BYPL , bajo la firme convicci\u00f3n de que la educaci\u00f3n es la llave primordial para transformar vidas, familias y empresas. De esta alianza nace un prop\u00f3sito com\u00fan: proporcionar herramientas de crecimiento personal y profesional que impacten directamente en padres, colegios, familias, empleados de diversas organizaciones, emprendedores y empresas.<\/p><p>Desde sus comienzos, la organizaci\u00f3n identific\u00f3 la necesidad de acompa\u00f1ar a las personas y a las organizaciones en sus procesos de cambio. Lo que inici\u00f3 como una visi\u00f3n compartida, hoy se ha consolidado en una empresa comprometida con el desarrollo humano y empresarial, cuya misi\u00f3n es clara: impulsar el \u00e9xito a trav\u00e9s de la educaci\u00f3n y la formaci\u00f3n continua.<\/p><p>A lo largo de su trayectoria, BCLT ha participado en eventos de networking, talleres especializados y programas de emprendimiento internacional, siendo reconocida por instituciones y l\u00edderes de la comunidad. Estos logros respaldan su vocaci\u00f3n de servicio y su compromiso con la excelencia.<\/p><p>Convencidos de que cuando una familia se fortalece, tambi\u00e9n lo hace una empresa, ofrecen programas de capacitaci\u00f3n que abarcan desde liderazgo parental y gesti\u00f3n de habilidades personales, hasta desarrollo empresarial, manejo del estr\u00e9s laboral y fortalecimiento organizacional.<\/p><p>Su enfoque es integral: construir empresas s\u00f3lidas y familias felices, sustentadas en valores que generen un impacto positivo y sostenible en la sociedad.<\/p><p>Como parte de su consolidaci\u00f3n, la empresa ha desarrollado durante los \u00faltimos\u00a0 a\u00f1os el programa de Gesti\u00f3n y Desarrollo de Habilidades de Oratoria, con excelentes resultados al acompa\u00f1ar a las personas en el proceso de superar el miedo a hablar en p\u00fablico y fortalecer su confianza en la comunicaci\u00f3n.<\/p><p>De igual manera,\u00a0 se han impartido capacitaciones en manejo del estr\u00e9s laboral, contribuyendo al bienestar personal y a la mejora del clima organizacional en diversas empresas.<\/p><p>Paralelamente, se inici\u00f3 el Networking Empresarial, una iniciativa que ha demostrado ser un espacio de gran valor para emprendedores y profesionales, favoreciendo la creaci\u00f3n de alianzas estrat\u00e9gicas y el impulso de proyectos con resultados positivos.<\/p><p>Estos logros reflejan el compromiso de la organizaci\u00f3n con la formaci\u00f3n integral y el acompa\u00f1amiento continuo, consolidando su papel como agente transformador en el desarrollo humano y empresarial.<\/p>\t\t\t\t\t\t\t\t<\/div>\n\t\t\t\t<\/div>\n\t\t\t\t\t<\/div>\n\t\t\t\t<\/div>\n\t\t\t\t<\/div>\n\t\t","protected":false},"excerpt":{"rendered":"<p>La Historia Desde sus inicios, BCLT se ha distinguido por sus valores de honestidad, lealtad y confidencialidad. En 2007, su fundadora fue certificada y licenciada por el Estado de California como Foster Care y proveedora de cuidado infantil. A lo largo de su experiencia como madre de crianza, comprendi\u00f3 de primera mano lo crucial que [&hellip;]<\/p>\n","protected":false},"author":1,"featured_media":0,"parent":0,"menu_order":0,"comment_status":"closed","ping_status":"closed","template":"","meta":{"site-sidebar-layout":"no-sidebar","site-content-layout":"page-builder","ast-site-content-layout":"full-width-container","site-content-style":"unboxed","site-sidebar-style":"unboxed","ast-global-header-display":"","ast-banner-title-visibility":"","ast-main-header-display":"","ast-hfb-above-header-display":"","ast-hfb-below-header-display":"","ast-hfb-mobile-header-display":"","site-post-title":"disabled","ast-breadcrumbs-content":"disabled","ast-featured-img":"disabled","footer-sml-layout":"","ast-disable-related-posts":"","theme-transparent-header-meta":"enabled","adv-header-id-meta":"","stick-header-meta":"","header-above-stick-meta":"","header-main-stick-meta":"","header-below-stick-meta":"","astra-migrate-meta-layouts":"set","ast-page-background-enabled":"default","ast-page-background-meta":{"desktop":{"background-color":"","background-image":"","background-repeat":"repeat","background-position":"center center","background-size":"auto","background-attachment":"scroll","background-type":"","background-media":"","overlay-type":"","overlay-color":"","overlay-opacity":"","overlay-gradient":""},"tablet":{"background-color":"","background-image":"","background-repeat":"repeat","background-position":"center center","background-size":"auto","background-attachment":"scroll","background-type":"","background-media":"","overlay-type":"","overlay-color":"","overlay-opacity":"","overlay-gradient":""},"mobile":{"background-color":"","background-image":"","background-repeat":"repeat","background-position":"center center","background-size":"auto","background-attachment":"scroll","background-type":"","background-media":"","overlay-type":"","overlay-color":"","overlay-opacity":"","overlay-gradient":""}},"ast-content-background-meta":{"desktop":{"background-color":"var(--ast-global-color-5)","background-image":"","background-repeat":"repeat","background-position":"center center","background-size":"auto","background-attachment":"scroll","background-type":"","background-media":"","overlay-type":"","overlay-color":"","overlay-opacity":"","overlay-gradient":""},"tablet":{"background-color":"var(--ast-global-color-5)","background-image":"","background-repeat":"repeat","background-position":"center center","background-size":"auto","background-attachment":"scroll","background-type":"","background-media":"","overlay-type":"","overlay-color":"","overlay-opacity":"","overlay-gradient":""},"mobile":{"background-color":"var(--ast-global-color-5)","background-image":"","background-repeat":"repeat","background-position":"center center","background-size":"auto","background-attachment":"scroll","background-type":"","background-media":"","overlay-type":"","overlay-color":"","overlay-opacity":"","overlay-gradient":""}},"footnotes":""},"class_list":["post-851","page","type-page","status-publish","hentry"],"_links":{"self":[{"href":"https:\/\/cursosline.bchildrenslifet.com\/blog\/wp-json\/wp\/v2\/pages\/851","targetHints":{"allow":["GET"]}}],"collection":[{"href":"https:\/\/cursosline.bchildrenslifet.com\/blog\/wp-json\/wp\/v2\/pages"}],"about":[{"href":"https:\/\/cursosline.bchildrenslifet.com\/blog\/wp-json\/wp\/v2\/types\/page"}],"author":[{"embeddable":true,"href":"https:\/\/cursosline.bchildrenslifet.com\/blog\/wp-json\/wp\/v2\/users\/1"}],"replies":[{"embeddable":true,"href":"https:\/\/cursosline.bchildrenslifet.com\/blog\/wp-json\/wp\/v2\/comments?post=851"}],"version-history":[{"count":19,"href":"https:\/\/cursosline.bchildrenslifet.com\/blog\/wp-json\/wp\/v2\/pages\/851\/revisions"}],"predecessor-version":[{"id":1656,"href":"https:\/\/cursosline.bchildrenslifet.com\/blog\/wp-json\/wp\/v2\/pages\/851\/revisions\/1656"}],"wp:attachment":[{"href":"https:\/\/cursosline.bchildrenslifet.com\/blog\/wp-json\/wp\/v2\/media?parent=851"}],"curies":[{"name":"wp","href":"https:\/\/api.w.org\/{rel}","templated":true}]}}